{"id":143,"date":"2017-01-20T22:41:51","date_gmt":"2017-01-20T21:41:51","guid":{"rendered":"http:\/\/cahierstgdc.com\/?page_id=143"},"modified":"2017-03-13T19:01:33","modified_gmt":"2017-03-13T18:01:33","slug":"short-history-of-the-journal","status":"publish","type":"page","link":"https:\/\/cahierstgdc.com\/index.php\/page-d-exemple\/short-history-of-the-journal\/","title":{"rendered":"Short history"},"content":{"rendered":"<p><span style=\"font-size: 14px;\">The \u201cCahiers\u201d were created in 1957 by Charles Ehresmann, under the initial title \u201cS\u00e9minaire Ehresmann. Topologie et G\u00e9om\u00e9trie Diff\u00e9rentielle\u201d, published in the series of the \u201cS\u00e9minaires de l\u2019Institut Henri Poincar\u00e9\u201d.<\/span><br \/>\n<span style=\"font-size: 14px;\"> Starting from Volume II, they appeared as an independent publication (edited by Dunod from 1967 to 1972), the title being changed a few times until 1966, when they were named \u201cCahiers de Topologie et G\u00e9om\u00e9trie Diff\u00e9rentielle\u201d (cf. Charles and Andr\u00e9e Ehresmann, \u00ab D\u00e9j\u00e0 vingt ans \u2026 \u00bb, Vol. XVIII-4 (1977), 431-432).<\/span><br \/>\n<span style=\"font-size: 14px;\"> In that article it was already observed that, by taking into account the evolution of the subject, a title such as \u201cTh\u00e9orie et Applications des Cat\u00e9gories\u201d would have been more suitable, since many mathematicians applying category theory to different areas of mathematics had already published in the \u201cCahiers\u201d. This is the reason why, already 30 years ago (starting from volume XXV in 1984), the present name \u201cCahiers de Topologie et G\u00e9om\u00e9trie Diff\u00e9rentielle Cat\u00e9goriques\u201d was chosen, underlying the continuity with the origin of the journal, and also the natural change consisting in placing category theory at the centre of the research interests of the journal.<\/span><br \/>\n<span style=\"font-size: 14px;\"> Starting from January 2015, the Editorial Board has been enlarged, by including a new generation of mathematicians and by opening the journal to some new research areas where category theory is developing and is being applied.<\/span><\/p>\n","protected":false},"excerpt":{"rendered":"<p>The \u201cCahiers\u201d were created in 1957 by Charles Ehresmann, under the initial title \u201cS\u00e9minaire Ehresmann. Topologie et G\u00e9om\u00e9trie Diff\u00e9rentielle\u201d, published in the series of the \u201cS\u00e9minaires de l\u2019Institut Henri Poincar\u00e9\u201d. Starting from Volume II, they appeared as an independent publication (edited by Dunod from 1967 to 1972), the title being changed a few times until &hellip; <a href=\"https:\/\/cahierstgdc.com\/index.php\/page-d-exemple\/short-history-of-the-journal\/\" class=\"more-link\">Continue reading <span class=\"screen-reader-text\">Short history<\/span><\/a><\/p>\n","protected":false},"author":1,"featured_media":0,"parent":2,"menu_order":1,"comment_status":"closed","ping_status":"closed","template":"","meta":{"footnotes":""},"class_list":["post-143","page","type-page","status-publish","hentry"],"_links":{"self":[{"href":"https:\/\/cahierstgdc.com\/index.php\/wp-json\/wp\/v2\/pages\/143","targetHints":{"allow":["GET"]}}],"collection":[{"href":"https:\/\/cahierstgdc.com\/index.php\/wp-json\/wp\/v2\/pages"}],"about":[{"href":"https:\/\/cahierstgdc.com\/index.php\/wp-json\/wp\/v2\/types\/page"}],"author":[{"embeddable":true,"href":"https:\/\/cahierstgdc.com\/index.php\/wp-json\/wp\/v2\/users\/1"}],"replies":[{"embeddable":true,"href":"https:\/\/cahierstgdc.com\/index.php\/wp-json\/wp\/v2\/comments?post=143"}],"version-history":[{"count":6,"href":"https:\/\/cahierstgdc.com\/index.php\/wp-json\/wp\/v2\/pages\/143\/revisions"}],"predecessor-version":[{"id":460,"href":"https:\/\/cahierstgdc.com\/index.php\/wp-json\/wp\/v2\/pages\/143\/revisions\/460"}],"up":[{"embeddable":true,"href":"https:\/\/cahierstgdc.com\/index.php\/wp-json\/wp\/v2\/pages\/2"}],"wp:attachment":[{"href":"https:\/\/cahierstgdc.com\/index.php\/wp-json\/wp\/v2\/media?parent=143"}],"curies":[{"name":"wp","href":"https:\/\/api.w.org\/{rel}","templated":true}]}}