{"id":1594,"date":"2026-03-30T20:21:00","date_gmt":"2026-03-30T19:21:00","guid":{"rendered":"https:\/\/cahierstgdc.com\/?page_id=1594"},"modified":"2026-04-01T12:30:54","modified_gmt":"2026-04-01T11:30:54","slug":"volume-lxvii-2026","status":"publish","type":"page","link":"https:\/\/cahierstgdc.com\/index.php\/volume-lxvii-2026\/","title":{"rendered":"Volume LXVII (2026)"},"content":{"rendered":"\n<p><strong>Issue 1<\/strong> <\/p>\n\n\n<p><a href=\"https:\/\/cahierstgdc.com\/wp-content\/uploads\/2026\/03\/Cahiers_Volume_LXVII-I.pdf\">Issue 1<\/a><\/p>\n<p><!-- \/wp:post-content --><\/p>\n<p><span style=\"font-family: Verdana,Arial,Helvetica,sans-serif; font-size: 12px;\"><a href=\"https:\/\/cahierstgdc.com\/wp-content\/uploads\/2026\/03\/Guitart_LXVII-I.pdf\">Autocategories: IV. Drawing, graduation and coloration for autographic data<\/a><br \/>Pages 1-34<br \/>Ren\u00e9 Guitart<\/span><\/p>\n<p><!-- wp:paragraph --><\/p>\n<p><!-- \/wp:paragraph --><\/p>\n<p><span style=\"font-family: Verdana,Arial,Helvetica,sans-serif; font-size: 12px;\"><a href=\"https:\/\/cahierstgdc.com\/wp-content\/uploads\/2026\/04\/Michel_LXVII-I.pdf\">A Hopf formula for the fundamental group in the category of preordered groups<\/a><br \/>Pages 35-58<br \/>Aline Michel<\/span><\/p>\n<p><!-- wp:paragraph --><\/p>\n<p><!-- \/wp:paragraph --><\/p>\n<p><span style=\"font-family: Verdana,Arial,Helvetica,sans-serif; font-size: 12px;\"><a href=\"https:\/\/cahierstgdc.com\/wp-content\/uploads\/2026\/03\/Penon_LXVII-I.pdf\">Une g\u00e9n\u00e9ralisation du lemme de Yoneda<\/a><br \/>Pages 59-102<br \/>Jacques Penon<\/span><\/p>\n<p><!-- wp:paragraph --><\/p>\n<p><!-- \/wp:paragraph --><\/p>\n<p><span style=\"font-family: Verdana,Arial,Helvetica,sans-serif; font-size: 12px;\"><a href=\"https:\/\/cahierstgdc.com\/wp-content\/uploads\/2026\/04\/Suarez_LXVII-I.pdf\">Strictly zero-dimensional biframes and Raney extensions<\/a><br \/>Pages 103-131<br \/>Anna Laura Suarez<\/span><\/p>\n<p><a name=\"2\"><\/a><\/p>","protected":false},"excerpt":{"rendered":"<p>Issue 1 Issue 1 Autocategories: IV. Drawing, graduation and coloration for autographic dataPages 1-34Ren\u00e9 Guitart A Hopf formula for the fundamental group in the category of preordered groupsPages 35-58Aline Michel Une g\u00e9n\u00e9ralisation du lemme de YonedaPages 59-102Jacques Penon Strictly zero-dimensional biframes and Raney extensionsPages 103-131Anna Laura Suarez<\/p>\n","protected":false},"author":1,"featured_media":0,"parent":0,"menu_order":0,"comment_status":"closed","ping_status":"closed","template":"","meta":{"footnotes":""},"class_list":["post-1594","page","type-page","status-publish","hentry"],"_links":{"self":[{"href":"https:\/\/cahierstgdc.com\/index.php\/wp-json\/wp\/v2\/pages\/1594","targetHints":{"allow":["GET"]}}],"collection":[{"href":"https:\/\/cahierstgdc.com\/index.php\/wp-json\/wp\/v2\/pages"}],"about":[{"href":"https:\/\/cahierstgdc.com\/index.php\/wp-json\/wp\/v2\/types\/page"}],"author":[{"embeddable":true,"href":"https:\/\/cahierstgdc.com\/index.php\/wp-json\/wp\/v2\/users\/1"}],"replies":[{"embeddable":true,"href":"https:\/\/cahierstgdc.com\/index.php\/wp-json\/wp\/v2\/comments?post=1594"}],"version-history":[{"count":16,"href":"https:\/\/cahierstgdc.com\/index.php\/wp-json\/wp\/v2\/pages\/1594\/revisions"}],"predecessor-version":[{"id":1640,"href":"https:\/\/cahierstgdc.com\/index.php\/wp-json\/wp\/v2\/pages\/1594\/revisions\/1640"}],"wp:attachment":[{"href":"https:\/\/cahierstgdc.com\/index.php\/wp-json\/wp\/v2\/media?parent=1594"}],"curies":[{"name":"wp","href":"https:\/\/api.w.org\/{rel}","templated":true}]}}