{"id":256,"date":"2017-01-26T22:00:06","date_gmt":"2017-01-26T21:00:06","guid":{"rendered":"http:\/\/cahierstgdc.com\/?page_id=256"},"modified":"2026-03-30T21:25:51","modified_gmt":"2026-03-30T20:25:51","slug":"links","status":"publish","type":"page","link":"https:\/\/cahierstgdc.com\/index.php\/links\/","title":{"rendered":"Links"},"content":{"rendered":"<p><a href=\"https:\/\/mes-ehres.fr\/CTGD\/Ctgdc.htm\"><em>Cahiers&#8217; <\/em>website<\/a><\/p>\n<p><a href=\"http:\/\/www-lmpa.univ-littoral.fr\/~sic\/wordpress\/\">S\u00e9minaire Itin\u00e9rant de Cat\u00e9gories<\/a><\/p>\n<p><a href=\"http:\/\/www.tac.mta.ca\/tac\/\">Theory and Applications of Categories<\/a><\/p>\n","protected":false},"excerpt":{"rendered":"<p>Cahiers&#8217; website S\u00e9minaire Itin\u00e9rant de Cat\u00e9gories Theory and Applications of Categories<\/p>\n","protected":false},"author":1,"featured_media":0,"parent":0,"menu_order":0,"comment_status":"closed","ping_status":"closed","template":"","meta":{"footnotes":""},"class_list":["post-256","page","type-page","status-publish","hentry"],"_links":{"self":[{"href":"https:\/\/cahierstgdc.com\/index.php\/wp-json\/wp\/v2\/pages\/256","targetHints":{"allow":["GET"]}}],"collection":[{"href":"https:\/\/cahierstgdc.com\/index.php\/wp-json\/wp\/v2\/pages"}],"about":[{"href":"https:\/\/cahierstgdc.com\/index.php\/wp-json\/wp\/v2\/types\/page"}],"author":[{"embeddable":true,"href":"https:\/\/cahierstgdc.com\/index.php\/wp-json\/wp\/v2\/users\/1"}],"replies":[{"embeddable":true,"href":"https:\/\/cahierstgdc.com\/index.php\/wp-json\/wp\/v2\/comments?post=256"}],"version-history":[{"count":9,"href":"https:\/\/cahierstgdc.com\/index.php\/wp-json\/wp\/v2\/pages\/256\/revisions"}],"predecessor-version":[{"id":1625,"href":"https:\/\/cahierstgdc.com\/index.php\/wp-json\/wp\/v2\/pages\/256\/revisions\/1625"}],"wp:attachment":[{"href":"https:\/\/cahierstgdc.com\/index.php\/wp-json\/wp\/v2\/media?parent=256"}],"curies":[{"name":"wp","href":"https:\/\/api.w.org\/{rel}","templated":true}]}}