{"id":279,"date":"2017-02-11T18:09:08","date_gmt":"2017-02-11T17:09:08","guid":{"rendered":"http:\/\/cahierstgdc.com\/?page_id=279"},"modified":"2017-04-05T21:07:04","modified_gmt":"2017-04-05T20:07:04","slug":"volume-l-2009","status":"publish","type":"page","link":"https:\/\/cahierstgdc.com\/index.php\/volumes\/volume-l-2009\/","title":{"rendered":"Volume L (2009)"},"content":{"rendered":"<p><strong><span style=\"font-family: arial,helvetica,sans-serif; font-size: 14px; color: #8c9a82;\"><a href=\"#1\">Issue 1<\/a> I <a href=\"#2\">Issue 2<\/a> I <a href=\"#3\">Issue 3<\/a> I <a href=\"#4\">Issue 4<\/a><\/span><\/strong><\/p>\n<p><strong><span style=\"font-family: arial,helvetica,sans-serif; font-size: 14px;\"><a name=\"1\"><\/a>Issue 1 dedicated to Jir\u00ed Ad\u00e1mek<\/span><\/strong><br \/>\n <em><span style=\"font-family: arial,helvetica,sans-serif; font-size: 14px;\"> <a href=\"http:\/\/cahierstgdc.com\/wp-content\/uploads\/2016\/05\/Cahierstgdc-50-1.pdf\">Representability relative to a d<\/a><a href=\"http:\/\/cahierstgdc.com\/wp-content\/uploads\/2016\/05\/Cahierstgdc-50-1.pdf\">octrine<\/a><\/span><\/em><br \/>\n <span style=\"font-family: arial,helvetica,sans-serif; font-size: 14px;\"> Pages 3-22<\/span><br \/>\n <span style=\"font-family: arial,helvetica,sans-serif; font-size: 14px;\"> Panagis Karazeris, Jir\u00ed Velebil<\/span><\/p>\n<p> <em><span style=\"font-family: arial,helvetica,sans-serif; font-size: 14px;\"> <a href=\"http:\/\/cahierstgdc.com\/wp-content\/uploads\/2016\/05\/Cahierstgdc-50-1-2.pdf\">Equational properties of recursive program scheme solutions<\/a><\/span><\/em><br \/>\n <span style=\"font-family: arial,helvetica,sans-serif; font-size: 14px;\"> Pages 23-66<\/span><br \/>\n <span style=\"font-family: arial,helvetica,sans-serif; font-size: 14px;\"> Stefan Milius, Lawrence S. Moss<\/span><\/p>\n<p> <span style=\"font-family: arial,helvetica,sans-serif; font-size: 14px;\"> <a href=\"http:\/\/cahierstgdc.com\/wp-content\/uploads\/2016\/05\/Cahierstgdc-50-1-3.pdf\"><em>On boundedness and small-orthogonality classes<\/em> <\/a><\/span><br \/>\n <span style=\"font-family: arial,helvetica,sans-serif; font-size: 14px;\"> Pages 67-79<\/span><br \/>\n <span style=\"font-family: arial,helvetica,sans-serif; font-size: 14px;\"> Lourdes Sousa <\/span><\/p>\n<p><span style=\"font-family: arial,helvetica,sans-serif; font-size: 14px;\"><strong><a name=\"2\"><\/a>Issue 2<\/strong> <\/span><br \/>\n <span style=\"font-family: arial,helvetica,sans-serif; font-size: 14px;\"> <a href=\"http:\/\/cahierstgdc.com\/wp-content\/uploads\/2016\/05\/CHENG-MAKKAI.pdf\"><em>A note on the Penon definition of n-category<\/em><br \/>\n <\/a>Pages 83-101<\/span><br \/>\n <span style=\"font-family: arial,helvetica,sans-serif; font-size: 14px;\"> Eugenia Cheng, Michael Makkai<\/span><\/p>\n<p> <em><span style=\"font-family: arial,helvetica,sans-serif; font-size: 14px;\"> <a href=\"http:\/\/cahierstgdc.com\/wp-content\/uploads\/2016\/05\/GRANDIS.pdf\">The role of symmetries in cubical sets and cubical categories (I)<\/a><\/span><\/em><br \/>\n <span style=\"font-family: arial,helvetica,sans-serif; font-size: 14px;\"> Pages 102-143<\/span><br \/>\n <span style=\"font-family: arial,helvetica,sans-serif; font-size: 14px;\"> Marco Grandis <\/span><\/p>\n<p> <em><span style=\"font-family: arial,helvetica,sans-serif; font-size: 14px;\"> <a href=\"http:\/\/cahierstgdc.com\/wp-content\/uploads\/2016\/05\/GUITART.pdf\">Klein&#8217;s group as a borromean object<\/a><\/span><\/em><br \/>\n <span style=\"font-family: arial,helvetica,sans-serif; font-size: 14px;\"> Pages 144-155<\/span><br \/>\n <span style=\"font-family: arial,helvetica,sans-serif; font-size: 14px;\"> Ren\u00e9 Guitart<\/span><\/p>\n<p> <em><span style=\"font-family: arial,helvetica,sans-serif; font-size: 14px;\"> <a href=\"http:\/\/cahierstgdc.com\/wp-content\/uploads\/2016\/05\/BUNGE-ALII.pdf\">On the paper &#8220;Definable completeness&#8221;<\/a><\/span><\/em><br \/>\n <span style=\"font-family: arial,helvetica,sans-serif; font-size: 14px;\"> Page 156<\/span><br \/>\n <span style=\"font-family: arial,helvetica,sans-serif; font-size: 14px;\"> Marta Bunge, Jonathon Funk, Mamuka Jibladze, Thomas Streicher<\/span><\/p>\n<p><strong><span style=\"font-family: arial,helvetica,sans-serif; font-size: 14px;\"><a name=\"3\"><\/a>Issue 3 dedicated to Francis Borceux<\/span><\/strong><br \/>\n <span style=\"font-family: arial,helvetica,sans-serif; font-size: 14px;\"> <a href=\"http:\/\/cahierstgdc.com\/wp-content\/uploads\/2016\/05\/FOREWORD_BORCEUX.pdf\">FOREWORD<\/a><br \/>\n Pages 163-170<\/span><\/p>\n<p> <span style=\"font-family: arial,helvetica,sans-serif; font-size: 14px;\"><a href=\"http:\/\/cahierstgdc.com\/wp-content\/uploads\/2016\/05\/GRAN-GJANELIDZE.pdf\">Covering morphisms and normal extensions in Galois structures associated with torsion theories<br \/>\n <\/a> Pages 171-188<br \/>\n Marino Gran, George Janelidze<br \/>\n <\/span> <br \/>\n <span style=\"font-family: arial,helvetica,sans-serif; font-size: 14px;\"><a href=\"http:\/\/cahierstgdc.com\/wp-content\/uploads\/2016\/05\/BORGER-KEMPER.pdf\">Infinitary linear combinations in reduced cotorsion modules <\/a><br \/>\n Pages 189-210<br \/>\n Reinhard B\u00f6rger, Ralf Kemper<\/p>\n<p> <span style=\"font-family: arial,helvetica,sans-serif; font-size: 14px;\"> <a href=\"http:\/\/cahierstgdc.com\/wp-content\/uploads\/2016\/05\/BOURN-GJANELIDZE.pdf\">Centralizers in action accessible categories<\/a><br \/>\n Pages 211-232<br \/>\n Dominique Bourn, George Janelidze<\/span><\/p>\n<p> <span style=\"font-family: arial,helvetica,sans-serif; font-size: 14px;\"><a href=\"http:\/\/cahierstgdc.com\/wp-content\/uploads\/2016\/05\/ROSICKY.pdf\">Are all cofibrantly generated model categories combinatorial?<\/a><br \/>\n Pages 233-238<br \/>\n Jir\u00ed Rosick\u00fd<br \/>\n <\/span><\/span><\/p>\n<p><span style=\"font-family: arial,helvetica,sans-serif; font-size: 14px;\"><span style=\"font-family: arial,helvetica,sans-serif; font-size: 14px;\"><strong><a name=\"4\"><\/a>Issue 4 dedicated to Francis Borceux<\/strong><br \/>\n <a href=\"http:\/\/cahierstgdc.com\/wp-content\/uploads\/2017\/02\/GRANDIS_50-4.pdf\">Limits in symmetric cubical categories (On weak cubical categories, II)<\/a><br \/>\n Pages 242-272<br \/>\n <span style=\"font-family: arial,helvetica,sans-serif; font-size: 14px;\">Marco Grandis<\/span><\/p>\n<p> <span style=\"font-family: arial,helvetica,sans-serif; font-size: 14px;\"><a href=\"http:\/\/cahierstgdc.com\/wp-content\/uploads\/2016\/05\/ADAMEK-HEBERT.pdf\">On quasi-equations in locally presentable categories<\/a><br \/>\n Pages 273-297<br \/>\n Jir\u00ed Ad\u00e1mek, Hebert<\/span><\/p>\n<p> <\/span> <span style=\"font-family: arial,helvetica,sans-serif; font-size: 14px;\"><a href=\"http:\/\/cahierstgdc.com\/wp-content\/uploads\/2016\/05\/ZJANELIDZE.pdf\">Closedness properties of internal relations, VI: approximate operations<\/a><br \/>\n Pages 298-319<br \/>\n Zurab Janelidze <\/span><\/span><\/p>\n","protected":false},"excerpt":{"rendered":"<p>Issue 1 I Issue 2 I Issue 3 I Issue 4 Issue 1 dedicated to Jir\u00ed Ad\u00e1mek Representability relative to a doctrine Pages 3-22 Panagis Karazeris, Jir\u00ed Velebil Equational properties of recursive program scheme solutions Pages 23-66 Stefan Milius, Lawrence S. Moss On boundedness and small-orthogonality classes Pages 67-79 Lourdes Sousa Issue 2 A note &hellip; <a href=\"https:\/\/cahierstgdc.com\/index.php\/volumes\/volume-l-2009\/\" class=\"more-link\">Continue reading <span class=\"screen-reader-text\">Volume L (2009)<\/span><\/a><\/p>\n","protected":false},"author":1,"featured_media":0,"parent":14,"menu_order":1,"comment_status":"closed","ping_status":"closed","template":"","meta":{"footnotes":""},"class_list":["post-279","page","type-page","status-publish","hentry"],"_links":{"self":[{"href":"https:\/\/cahierstgdc.com\/index.php\/wp-json\/wp\/v2\/pages\/279","targetHints":{"allow":["GET"]}}],"collection":[{"href":"https:\/\/cahierstgdc.com\/index.php\/wp-json\/wp\/v2\/pages"}],"about":[{"href":"https:\/\/cahierstgdc.com\/index.php\/wp-json\/wp\/v2\/types\/page"}],"author":[{"embeddable":true,"href":"https:\/\/cahierstgdc.com\/index.php\/wp-json\/wp\/v2\/users\/1"}],"replies":[{"embeddable":true,"href":"https:\/\/cahierstgdc.com\/index.php\/wp-json\/wp\/v2\/comments?post=279"}],"version-history":[{"count":39,"href":"https:\/\/cahierstgdc.com\/index.php\/wp-json\/wp\/v2\/pages\/279\/revisions"}],"predecessor-version":[{"id":496,"href":"https:\/\/cahierstgdc.com\/index.php\/wp-json\/wp\/v2\/pages\/279\/revisions\/496"}],"up":[{"embeddable":true,"href":"https:\/\/cahierstgdc.com\/index.php\/wp-json\/wp\/v2\/pages\/14"}],"wp:attachment":[{"href":"https:\/\/cahierstgdc.com\/index.php\/wp-json\/wp\/v2\/media?parent=279"}],"curies":[{"name":"wp","href":"https:\/\/api.w.org\/{rel}","templated":true}]}}