{"id":601,"date":"2017-05-01T09:20:31","date_gmt":"2017-05-01T08:20:31","guid":{"rendered":"http:\/\/cahierstgdc.com\/?page_id=601"},"modified":"2019-09-19T10:11:46","modified_gmt":"2019-09-19T09:11:46","slug":"volume-lvi-2015","status":"publish","type":"page","link":"https:\/\/cahierstgdc.com\/index.php\/volumes\/volume-lvi-2015\/","title":{"rendered":"Volume LVI (2015)"},"content":{"rendered":"<p><strong><span style=\"font-family: arial,helvetica,sans-serif; font-size: 14px; color: #8c9a82;\"><a href=\"#1\">Issue 1<\/a> I <a href=\"#2\">Issue 2<\/a> I <a href=\"#3\">Issue 3<\/a> I <a href=\"#4\">Issue 4<\/a><\/span><\/strong><\/p>\n<p><a name=\"1\"><\/a>Issue 1<br \/>\n<span style=\"font-family: Verdana,Arial,Helvetica,sans-serif; font-size: 12px;\"><a href=\"http:\/\/cahierstgdc.com\/wp-content\/uploads\/2017\/05\/AKock_56-1.pdf\">Duality for generic algebras<\/a><br \/>\nPages 2-14<br \/>\nAnders Kock<\/span><\/p>\n<p><span style=\"font-family: Verdana,Arial,Helvetica,sans-serif; font-size: 12px;\"><a href=\"http:\/\/cahierstgdc.com\/wp-content\/uploads\/2017\/05\/Chiche.pdf\">Th\u00e9ories homotopiques des 2-cat\u00e9gories<\/a><br \/>\nPages 15-75<br \/>\nJonathan Chiche<\/span><\/p>\n<p><span style=\"font-family: Verdana,Arial,Helvetica,sans-serif; font-size: 12px;\"><a href=\"http:\/\/cahierstgdc.com\/wp-content\/uploads\/2017\/05\/Ehresmann_56-1.pdf\">Parcours d&#8217;un topologue-cat\u00e9goricien : Jean-Marc Cordier (1946-2014) <\/a><br \/>\nPages 76-80<br \/>\nAndr\u00e9e Ehresmann<\/span><\/p>\n<p><a name=\"2\"><\/a>Issue 2<br \/>\n<span style=\"font-family: Verdana,Arial,Helvetica,sans-serif; font-size: 12px;\"><a href=\"http:\/\/cahierstgdc.com\/wp-content\/uploads\/2017\/05\/DAra.pdf\">Structures de cat\u00e9gorie de mod\u00e8les \u00e0 la Thomason sur la cat\u00e9gorie des 2-cat\u00e9gories strictes<\/a><br \/>\nPages 83-108<br \/>\nDimitri Ara<\/span><\/p>\n<p><span style=\"font-family: Verdana,Arial,Helvetica,sans-serif; font-size: 12px;\"><a href=\"http:\/\/cahierstgdc.com\/wp-content\/uploads\/2017\/05\/SASolovyov.pdf\">Localification procedure for affine systems <\/a><br \/>\nPages 109-131<br \/>\nSergey A. Solovyov<\/span><\/p>\n<p><span style=\"font-family: Verdana,Arial,Helvetica,sans-serif; font-size: 12px;\"><a href=\"http:\/\/cahierstgdc.com\/wp-content\/uploads\/2017\/05\/Mehdi-Nezhad.pdf\">Abstract annihilation graphs <\/a><br \/>\nPages 133-145<br \/>\nElham Mehdi-Nezhad<\/span><\/p>\n<p><span style=\"font-family: Verdana,Arial,Helvetica,sans-serif; font-size: 12px;\"><a href=\"http:\/\/cahierstgdc.com\/wp-content\/uploads\/2017\/05\/Stramaccia_56-2.pdf\">The coherent category of inverse systems<\/a><br \/>\nPages 147-159<br \/>\nLuciano Stramaccia<\/span><\/p>\n<p><a name=\"3\"><\/a>Issue 3<br \/>\n<span style=\"font-family: Verdana,Arial,Helvetica,sans-serif; font-size: 12px;\"><a href=\"http:\/\/cahierstgdc.com\/wp-content\/uploads\/2017\/05\/BarrAlii.pdf\">On reflective and coreflective hulls <\/a><br \/>\nPages 163-208<br \/>\nMichael Barr, John F. Kennison, Robert Raphael<\/span><\/p>\n<p><span style=\"font-family: Verdana,Arial,Helvetica,sans-serif; font-size: 12px;\"><a href=\"http:\/\/cahierstgdc.com\/wp-content\/uploads\/2017\/05\/ShenTholen.pdf\">Limits and colimits of quantaloid-enriched categories and their distributors<\/a><br \/>\nPages 209-231<br \/>\nLili Shen, Walter Tholen<\/span><\/p>\n<p><span style=\"font-family: Verdana,Arial,Helvetica,sans-serif; font-size: 12px;\"><a href=\"http:\/\/cahierstgdc.com\/wp-content\/uploads\/2019\/09\/CarlettiGrandis.pdf\">Generalised pushouts, connected colimits and codiscrete groupoids<\/a><br \/>\nPages 232-240<br \/>\nEttore Carletti, Marco Grandis<\/span><\/p>\n<p><a name=\"4\"><\/a>Issue 4<br \/>\n<span style=\"font-family: Verdana,Arial,Helvetica,sans-serif; font-size: 12px;\"><a href=\"http:\/\/cahierstgdc.com\/wp-content\/uploads\/2017\/05\/Gaucher_56-4.pdf\">The geometry of cubic al and regular transition systems<\/a><br \/>\nPages 242-300<br \/>\nPhilippe Gaucher<\/span><\/p>\n<p><span style=\"font-family: Verdana,Arial,Helvetica,sans-serif; font-size: 12px;\"><a href=\"http:\/\/cahierstgdc.com\/wp-content\/uploads\/2017\/05\/CockettCruttwell.pdf\">The Jacob identity for tangent categories<\/a><br \/>\nPages 301-316<br \/>\nJ. Robin B. Cockett, Geoff S. H. Cruttwell<\/span><\/p>\n","protected":false},"excerpt":{"rendered":"<p>Issue 1 I Issue 2 I Issue 3 I Issue 4 Issue 1 Duality for generic algebras Pages 2-14 Anders Kock Th\u00e9ories homotopiques des 2-cat\u00e9gories Pages 15-75 Jonathan Chiche Parcours d&#8217;un topologue-cat\u00e9goricien : Jean-Marc Cordier (1946-2014) Pages 76-80 Andr\u00e9e Ehresmann Issue 2 Structures de cat\u00e9gorie de mod\u00e8les \u00e0 la Thomason sur la cat\u00e9gorie des 2-cat\u00e9gories &hellip; <a href=\"https:\/\/cahierstgdc.com\/index.php\/volumes\/volume-lvi-2015\/\" class=\"more-link\">Continue reading <span class=\"screen-reader-text\">Volume LVI (2015)<\/span><\/a><\/p>\n","protected":false},"author":1,"featured_media":0,"parent":14,"menu_order":1,"comment_status":"closed","ping_status":"closed","template":"","meta":{"footnotes":""},"class_list":["post-601","page","type-page","status-publish","hentry"],"_links":{"self":[{"href":"https:\/\/cahierstgdc.com\/index.php\/wp-json\/wp\/v2\/pages\/601","targetHints":{"allow":["GET"]}}],"collection":[{"href":"https:\/\/cahierstgdc.com\/index.php\/wp-json\/wp\/v2\/pages"}],"about":[{"href":"https:\/\/cahierstgdc.com\/index.php\/wp-json\/wp\/v2\/types\/page"}],"author":[{"embeddable":true,"href":"https:\/\/cahierstgdc.com\/index.php\/wp-json\/wp\/v2\/users\/1"}],"replies":[{"embeddable":true,"href":"https:\/\/cahierstgdc.com\/index.php\/wp-json\/wp\/v2\/comments?post=601"}],"version-history":[{"count":20,"href":"https:\/\/cahierstgdc.com\/index.php\/wp-json\/wp\/v2\/pages\/601\/revisions"}],"predecessor-version":[{"id":1012,"href":"https:\/\/cahierstgdc.com\/index.php\/wp-json\/wp\/v2\/pages\/601\/revisions\/1012"}],"up":[{"embeddable":true,"href":"https:\/\/cahierstgdc.com\/index.php\/wp-json\/wp\/v2\/pages\/14"}],"wp:attachment":[{"href":"https:\/\/cahierstgdc.com\/index.php\/wp-json\/wp\/v2\/media?parent=601"}],"curies":[{"name":"wp","href":"https:\/\/api.w.org\/{rel}","templated":true}]}}